{"id":542,"date":"2024-02-07T11:43:18","date_gmt":"2024-02-07T10:43:18","guid":{"rendered":"https:\/\/schnelldorfer-maschinenbau.de\/?page_id=542"},"modified":"2025-11-18T07:48:13","modified_gmt":"2025-11-18T06:48:13","slug":"circular-seam","status":"publish","type":"page","link":"https:\/\/schnelldorfer-maschinenbau.de\/en\/schweissmaschinen\/rundnaht\/","title":{"rendered":"Circular seam welding machine - Circular seam welding"},"content":{"rendered":"","protected":false},"excerpt":{"rendered":"","protected":false},"author":1,"featured_media":0,"parent":540,"menu_order":0,"comment_status":"closed","ping_status":"closed","template":"","meta":{"_acf_changed":false,"_seopress_robots_primary_cat":"","_seopress_titles_title":"Rundnahtschwei\u00dfmaschinen von Schnelldorfer | ROTAWELD D-Serie","_seopress_titles_desc":"Entdecken Sie pr\u00e4zise Rundnahtschwei\u00dfmaschinen der ROTAWELD D-Serie von Schnelldorfer \u2013 ideal f\u00fcr Rohre, Beh\u00e4lter & zylindrische Bauteile. Hochwertig, modular & einfach steuerbar.","_seopress_robots_index":"","footnotes":""},"seitenparameter":[],"class_list":["post-542","page","type-page","status-publish","hentry"],"acf":[],"meta_box":{"page_header_anzeigen":"1","page_header_background_position":"Mitte Mitte","page_header_background_overlay":"0%","page_header_titel":"","page_header_tagline":"","page_header_button_text":"Zu den Produkten","page_header_url":"#start","header_video":"1"},"_links":{"self":[{"href":"https:\/\/schnelldorfer-maschinenbau.de\/en\/wp-json\/wp\/v2\/pages\/542","targetHints":{"allow":["GET"]}}],"collection":[{"href":"https:\/\/schnelldorfer-maschinenbau.de\/en\/wp-json\/wp\/v2\/pages"}],"about":[{"href":"https:\/\/schnelldorfer-maschinenbau.de\/en\/wp-json\/wp\/v2\/types\/page"}],"author":[{"embeddable":true,"href":"https:\/\/schnelldorfer-maschinenbau.de\/en\/wp-json\/wp\/v2\/users\/1"}],"replies":[{"embeddable":true,"href":"https:\/\/schnelldorfer-maschinenbau.de\/en\/wp-json\/wp\/v2\/comments?post=542"}],"version-history":[{"count":6,"href":"https:\/\/schnelldorfer-maschinenbau.de\/en\/wp-json\/wp\/v2\/pages\/542\/revisions"}],"predecessor-version":[{"id":31510,"href":"https:\/\/schnelldorfer-maschinenbau.de\/en\/wp-json\/wp\/v2\/pages\/542\/revisions\/31510"}],"up":[{"embeddable":true,"href":"https:\/\/schnelldorfer-maschinenbau.de\/en\/wp-json\/wp\/v2\/pages\/540"}],"wp:attachment":[{"href":"https:\/\/schnelldorfer-maschinenbau.de\/en\/wp-json\/wp\/v2\/media?parent=542"}],"wp:term":[{"taxonomy":"seitenparameter","embeddable":true,"href":"https:\/\/schnelldorfer-maschinenbau.de\/en\/wp-json\/wp\/v2\/seitenparameter?post=542"}],"curies":[{"name":"wp","href":"https:\/\/api.w.org\/{rel}","templated":true}]}}