{"id":538,"date":"2024-02-07T11:42:05","date_gmt":"2024-02-07T10:42:05","guid":{"rendered":"https:\/\/schnelldorfer-maschinenbau.de\/?page_id=538"},"modified":"2025-11-18T07:39:32","modified_gmt":"2025-11-18T06:39:32","slug":"corner-seam","status":"publish","type":"page","link":"https:\/\/schnelldorfer-maschinenbau.de\/en\/schweissmaschinen\/ecknaht\/","title":{"rendered":"Corner seam welding machine - Corner seam welding"},"content":{"rendered":"","protected":false},"excerpt":{"rendered":"","protected":false},"author":1,"featured_media":0,"parent":540,"menu_order":0,"comment_status":"closed","ping_status":"closed","template":"","meta":{"_acf_changed":false,"_seopress_robots_primary_cat":"","_seopress_titles_title":"Ecknaht Schwei\u00dfmaschine CORNER-Serie | Schnelldorfer Maschinenbau","_seopress_titles_desc":"Ecknaht Schwei\u00dfmaschinen der CORNER-Serie von Schnelldorfer Maschinenbau garantieren pr\u00e4zise, saubere und wiederholgenaue Schwei\u00dfn\u00e4hte an rechtwinkligen Bauteilen wie Geh\u00e4usen, Rahmen oder Beh\u00e4ltern \u2013 ideal f\u00fcr Einzel- und Serienfertigung.","_seopress_robots_index":"","footnotes":""},"seitenparameter":[],"class_list":["post-538","page","type-page","status-publish","hentry"],"acf":[],"meta_box":{"page_header_anzeigen":"1","page_header_background_position":"Mitte Mitte","page_header_background_overlay":"0%","page_header_titel":"","page_header_tagline":"","page_header_button_text":"Zu den Produkten","page_header_url":"#start","header_video":"1"},"_links":{"self":[{"href":"https:\/\/schnelldorfer-maschinenbau.de\/en\/wp-json\/wp\/v2\/pages\/538","targetHints":{"allow":["GET"]}}],"collection":[{"href":"https:\/\/schnelldorfer-maschinenbau.de\/en\/wp-json\/wp\/v2\/pages"}],"about":[{"href":"https:\/\/schnelldorfer-maschinenbau.de\/en\/wp-json\/wp\/v2\/types\/page"}],"author":[{"embeddable":true,"href":"https:\/\/schnelldorfer-maschinenbau.de\/en\/wp-json\/wp\/v2\/users\/1"}],"replies":[{"embeddable":true,"href":"https:\/\/schnelldorfer-maschinenbau.de\/en\/wp-json\/wp\/v2\/comments?post=538"}],"version-history":[{"count":6,"href":"https:\/\/schnelldorfer-maschinenbau.de\/en\/wp-json\/wp\/v2\/pages\/538\/revisions"}],"predecessor-version":[{"id":31508,"href":"https:\/\/schnelldorfer-maschinenbau.de\/en\/wp-json\/wp\/v2\/pages\/538\/revisions\/31508"}],"up":[{"embeddable":true,"href":"https:\/\/schnelldorfer-maschinenbau.de\/en\/wp-json\/wp\/v2\/pages\/540"}],"wp:attachment":[{"href":"https:\/\/schnelldorfer-maschinenbau.de\/en\/wp-json\/wp\/v2\/media?parent=538"}],"wp:term":[{"taxonomy":"seitenparameter","embeddable":true,"href":"https:\/\/schnelldorfer-maschinenbau.de\/en\/wp-json\/wp\/v2\/seitenparameter?post=538"}],"curies":[{"name":"wp","href":"https:\/\/api.w.org\/{rel}","templated":true}]}}