{"id":536,"date":"2024-02-07T11:41:21","date_gmt":"2024-02-07T10:41:21","guid":{"rendered":"https:\/\/schnelldorfer-maschinenbau.de\/?page_id=536"},"modified":"2025-11-18T07:44:06","modified_gmt":"2025-11-18T06:44:06","slug":"longitudinal-seam","status":"publish","type":"page","link":"https:\/\/schnelldorfer-maschinenbau.de\/en\/schweissmaschinen\/laengsnaht\/","title":{"rendered":"Longitudinal seam welding machine - Welding longitudinal seams"},"content":{"rendered":"","protected":false},"excerpt":{"rendered":"","protected":false},"author":1,"featured_media":0,"parent":540,"menu_order":0,"comment_status":"closed","ping_status":"closed","template":"","meta":{"_acf_changed":false,"_seopress_robots_primary_cat":"","_seopress_titles_title":"L\u00e4ngsnahtschwei\u00dfmaschinen von Schnelldorfer | LINEARWELD","_seopress_titles_desc":"Modulare L\u00e4ngsnahtschwei\u00dfmaschinen von Schnelldorfer f\u00fcr pr\u00e4zise, verzugsarme N\u00e4hte bis 4.100 mm \u2013 individuell, automatisiert, effizient.","_seopress_robots_index":"","footnotes":""},"seitenparameter":[],"class_list":["post-536","page","type-page","status-publish","hentry"],"acf":[],"meta_box":{"page_header_anzeigen":"1","page_header_background_position":"Mitte Mitte","page_header_background_overlay":"0%","page_header_titel":"","page_header_tagline":"","page_header_button_text":"Zu den Produkten","page_header_url":"#start","header_video":"1"},"_links":{"self":[{"href":"https:\/\/schnelldorfer-maschinenbau.de\/en\/wp-json\/wp\/v2\/pages\/536","targetHints":{"allow":["GET"]}}],"collection":[{"href":"https:\/\/schnelldorfer-maschinenbau.de\/en\/wp-json\/wp\/v2\/pages"}],"about":[{"href":"https:\/\/schnelldorfer-maschinenbau.de\/en\/wp-json\/wp\/v2\/types\/page"}],"author":[{"embeddable":true,"href":"https:\/\/schnelldorfer-maschinenbau.de\/en\/wp-json\/wp\/v2\/users\/1"}],"replies":[{"embeddable":true,"href":"https:\/\/schnelldorfer-maschinenbau.de\/en\/wp-json\/wp\/v2\/comments?post=536"}],"version-history":[{"count":7,"href":"https:\/\/schnelldorfer-maschinenbau.de\/en\/wp-json\/wp\/v2\/pages\/536\/revisions"}],"predecessor-version":[{"id":31507,"href":"https:\/\/schnelldorfer-maschinenbau.de\/en\/wp-json\/wp\/v2\/pages\/536\/revisions\/31507"}],"up":[{"embeddable":true,"href":"https:\/\/schnelldorfer-maschinenbau.de\/en\/wp-json\/wp\/v2\/pages\/540"}],"wp:attachment":[{"href":"https:\/\/schnelldorfer-maschinenbau.de\/en\/wp-json\/wp\/v2\/media?parent=536"}],"wp:term":[{"taxonomy":"seitenparameter","embeddable":true,"href":"https:\/\/schnelldorfer-maschinenbau.de\/en\/wp-json\/wp\/v2\/seitenparameter?post=536"}],"curies":[{"name":"wp","href":"https:\/\/api.w.org\/{rel}","templated":true}]}}