{"id":27970,"date":"2025-08-07T11:59:56","date_gmt":"2025-08-07T09:59:56","guid":{"rendered":"https:\/\/schnelldorfer-maschinenbau.de\/?page_id=27970"},"modified":"2025-12-12T08:42:52","modified_gmt":"2025-12-12T07:42:52","slug":"mechanical-engineering-welding-technology-bavaria","status":"publish","type":"page","link":"https:\/\/schnelldorfer-maschinenbau.de\/en\/maschinenbau-schweisstechnik-bayern\/","title":{"rendered":"Mechanical engineering Welding technology Bavaria"},"content":{"rendered":"","protected":false},"excerpt":{"rendered":"","protected":false},"author":3,"featured_media":0,"parent":0,"menu_order":0,"comment_status":"closed","ping_status":"closed","template":"","meta":{"_acf_changed":false,"_seopress_robots_primary_cat":"","_seopress_titles_title":"Schwei\u00dftechnik Bayern \u2013 Schnelldorfer Maschinenbau f\u00fcr MAG, MIG, WIG & Laser","_seopress_titles_desc":"Pr\u00e4zise Schwei\u00dftechnik aus Bayern: Schnelldorfer Maschinenbau bietet modulare Anlagen f\u00fcr MAG, MIG, WIG, Plasma- und Laserschwei\u00dfen \u2013 ma\u00dfgeschneidert, verzugsarm und zertifiziert nach ISO 3834-2 & EN 1090.","_seopress_robots_index":"","footnotes":""},"seitenparameter":[],"class_list":["post-27970","page","type-page","status-publish","hentry"],"acf":[],"meta_box":{"page_header_anzeigen":"1","page_header_background_position":"Mitte Mitte","page_header_background_overlay":"0%","page_header_titel":"","page_header_tagline":"Schnelldorfer Maschinenbau stellt sich vor","page_header_button_text":"Mehr erfahren","page_header_url":"#start","header_video":"2"},"_links":{"self":[{"href":"https:\/\/schnelldorfer-maschinenbau.de\/en\/wp-json\/wp\/v2\/pages\/27970","targetHints":{"allow":["GET"]}}],"collection":[{"href":"https:\/\/schnelldorfer-maschinenbau.de\/en\/wp-json\/wp\/v2\/pages"}],"about":[{"href":"https:\/\/schnelldorfer-maschinenbau.de\/en\/wp-json\/wp\/v2\/types\/page"}],"author":[{"embeddable":true,"href":"https:\/\/schnelldorfer-maschinenbau.de\/en\/wp-json\/wp\/v2\/users\/3"}],"replies":[{"embeddable":true,"href":"https:\/\/schnelldorfer-maschinenbau.de\/en\/wp-json\/wp\/v2\/comments?post=27970"}],"version-history":[{"count":5,"href":"https:\/\/schnelldorfer-maschinenbau.de\/en\/wp-json\/wp\/v2\/pages\/27970\/revisions"}],"predecessor-version":[{"id":31511,"href":"https:\/\/schnelldorfer-maschinenbau.de\/en\/wp-json\/wp\/v2\/pages\/27970\/revisions\/31511"}],"wp:attachment":[{"href":"https:\/\/schnelldorfer-maschinenbau.de\/en\/wp-json\/wp\/v2\/media?parent=27970"}],"wp:term":[{"taxonomy":"seitenparameter","embeddable":true,"href":"https:\/\/schnelldorfer-maschinenbau.de\/en\/wp-json\/wp\/v2\/seitenparameter?post=27970"}],"curies":[{"name":"wp","href":"https:\/\/api.w.org\/{rel}","templated":true}]}}